{"id":3242,"date":"2020-04-12T14:03:07","date_gmt":"2020-04-12T14:03:07","guid":{"rendered":"https:\/\/gpsites.co\/vinyasa\/?page_id=3242"},"modified":"2021-07-18T16:47:36","modified_gmt":"2021-07-18T16:47:36","slug":"about-2","status":"publish","type":"page","link":"https:\/\/avellanuss.com\/?page_id=3242","title":{"rendered":"Les nostres avellanes"},"content":{"rendered":"<div class=\"gb-container gb-container-59584e19 alignwide\"><div class=\"gb-inside-container\">\n<div class=\"gb-grid-wrapper gb-grid-wrapper-14a805f6\">\n<div class=\"gb-grid-column gb-grid-column-282a4e46\"><div class=\"gb-container gb-container-282a4e46\"><div class=\"gb-inside-container\">\n\n<h3 class=\"gb-headline gb-headline-08b2fc4f gb-headline-text\"><strong>negrita<\/strong><\/h3>\n\n\n\n<p class=\"gb-headline gb-headline-01974b5b gb-headline-text\"><\/p>\n\n\n\n<p><strong>negrita<\/strong> \u00c9s la varietat aut\u00f2ctona del Camp de Tarragona m\u00e9s apreciada des del punt de vista comercial, excel\u00b7lent sabor i de forma esf\u00e8rica, una mica allargada. Una de les seves caracter\u00edstiques \u00e9s la seva facilitat de pelat un cop torrada.<\/p>\n\n\n\n<p>En gra t\u00e9 propietats\u00a0 organol\u00e8ptiques per a ser utilitzat com a aperitiu (snack) en diferents formes (torrada, fregida, salada, crua, etc.) i com a ingredient en pastissos, gelats, salses i diverses preparacions culin\u00e0ries. La seva pelavilitat \u00e9s molt alta.<\/p>\n\n<\/div><\/div><\/div>\n\n<div class=\"gb-grid-column gb-grid-column-172dabbf\"><div class=\"gb-container gb-container-172dabbf\"><div class=\"gb-inside-container\"><\/div><\/div><\/div>\n<\/div>\n\n\n<div style=\"height:62px\" aria-hidden=\"true\" class=\"wp-block-spacer\"><\/div>\n\n\n<div class=\"gb-grid-wrapper gb-grid-wrapper-33217667\">\n<div class=\"gb-grid-column gb-grid-column-8a1dbc72\"><div class=\"gb-container gb-container-8a1dbc72\"><div class=\"gb-inside-container\">\n\n<h3 class=\"gb-headline gb-headline-e003debe gb-headline-text\"><strong>Tonda di Giffoni<\/strong><\/h3>\n\n\n\n<p class=\"gb-headline gb-headline-33a8f94c gb-headline-text\"><\/p>\n\n\n\n<p><strong>Tonda di Giffoni<\/strong> \u00c9s la varietat m\u00e9s apreciada mundialment des del punt de vista comercial, excel\u00b7lent sabor, amb molts matisos. \u00c9s de forma esf\u00e8rica amb petits gl\u00f2buls que la fan perfecte per a la mecanitzaci\u00f3. La facilitat de pelat \u00e9s una de les seves caracter\u00edstiques.<\/p>\n\n\n\n<p>En gra t\u00e9 propietats i caracter\u00edstiques organol\u00e8ptiques per a ser utilitzat com a aperitiu (snack) en diferents formes (torrada, fregida, salada, crua, etc.) i com a ingredient en pastissos, gelats, salses i diverses preparacions culin\u00e0ries.<\/p>\n\n<\/div><\/div><\/div>\n\n<div class=\"gb-grid-column gb-grid-column-25ae402a\"><div class=\"gb-container gb-container-25ae402a\"><div class=\"gb-inside-container\"><\/div><\/div><\/div>\n<\/div>\n\n<div class=\"gb-grid-wrapper gb-grid-wrapper-83498f53\">\n<div class=\"gb-grid-column gb-grid-column-efd2d0fd\"><div class=\"gb-container gb-container-efd2d0fd\"><div class=\"gb-inside-container\">\n\n<h3 class=\"gb-headline gb-headline-eadf66c8 gb-headline-text\"><strong>Com\u00fa<\/strong><\/h3>\n\n\n\n<p class=\"gb-headline gb-headline-eda0ec96 gb-headline-text\"><\/p>\n\n\n\n<p><strong>Com\u00fa <\/strong>\u00c9s un conjunt de diferents varietat locals, Organol\u00e8pticament \u00e9s molt interessant ja que t\u00e9 molts matisos. No \u00e9s una varietat homog\u00e8nia pel que fa esfericitat, i la seva pelabilitat \u00e9s mitjana. Aquest tipus d\u2019avellana \u00e9s perfecte per a fer productes industrials, com pastes, granet, farina&#8230;<\/p>\n\n<\/div><\/div><\/div>\n<\/div>\n<\/div><\/div>\n\n<div class=\"gb-container gb-container-08d7c84b\"><div class=\"gb-inside-container\">\n<div class=\"gb-grid-wrapper gb-grid-wrapper-990ed738\">\n<div class=\"gb-grid-column gb-grid-column-f874cc30\"><div class=\"gb-container gb-container-f874cc30\"><div class=\"gb-inside-container\">\n\n<h2 class=\"gb-headline gb-headline-18933dd6 gb-headline-text\">Únase a nuestro boletín mensual<\/h2>\n\n\n\n<p class=\"gb-headline gb-headline-e0e7ae97 gb-headline-text\">Reciba ofertas y descuentos exclusivos uniéndose a nuestra lista de correo electrónico.<\/p>\n\n<\/div><\/div><\/div>\n\n<div class=\"gb-grid-column gb-grid-column-e676d4e2\"><div class=\"gb-container gb-container-e676d4e2\"><div class=\"gb-inside-container\">\n\n<\/div><\/div><\/div>\n<\/div>\n<\/div><\/div>","protected":false},"excerpt":{"rendered":"","protected":false},"author":2,"featured_media":0,"parent":0,"menu_order":0,"comment_status":"closed","ping_status":"closed","template":"","meta":{"footnotes":""},"class_list":["post-3242","page","type-page","status-publish"],"_links":{"self":[{"href":"https:\/\/avellanuss.com\/index.php?rest_route=\/wp\/v2\/pages\/3242","targetHints":{"allow":["GET"]}}],"collection":[{"href":"https:\/\/avellanuss.com\/index.php?rest_route=\/wp\/v2\/pages"}],"about":[{"href":"https:\/\/avellanuss.com\/index.php?rest_route=\/wp\/v2\/types\/page"}],"author":[{"embeddable":true,"href":"https:\/\/avellanuss.com\/index.php?rest_route=\/wp\/v2\/users\/2"}],"replies":[{"embeddable":true,"href":"https:\/\/avellanuss.com\/index.php?rest_route=%2Fwp%2Fv2%2Fcomments&post=3242"}],"version-history":[{"count":28,"href":"https:\/\/avellanuss.com\/index.php?rest_route=\/wp\/v2\/pages\/3242\/revisions"}],"predecessor-version":[{"id":5320,"href":"https:\/\/avellanuss.com\/index.php?rest_route=\/wp\/v2\/pages\/3242\/revisions\/5320"}],"wp:attachment":[{"href":"https:\/\/avellanuss.com\/index.php?rest_route=%2Fwp%2Fv2%2Fmedia&parent=3242"}],"curies":[{"name":"wp","href":"https:\/\/api.w.org\/{rel}","templated":true}]}}