{"id":3587,"date":"2021-01-30T19:30:03","date_gmt":"2021-01-30T19:30:03","guid":{"rendered":"https:\/\/gpsites.co\/shop\/?page_id=3587"},"modified":"2021-09-22T08:36:10","modified_gmt":"2021-09-22T08:36:10","slug":"about","status":"publish","type":"page","link":"https:\/\/avellanuss.com\/?page_id=3587","title":{"rendered":"Avellanuss"},"content":{"rendered":"\n<div class=\"wp-block-cover alignfull has-background-dim-10 has-background-dim\" style=\"min-height:640px;aspect-ratio:unset;\"><img loading=\"lazy\" decoding=\"async\" width=\"1506\" height=\"600\" class=\"wp-block-cover__image-background wp-image-5075\" alt=\"\" src=\"https:\/\/avellanuss.com\/wp-content\/uploads\/2021\/06\/20210602084855_IMG_0364-2.jpg\" style=\"object-position:50% 26%\" data-object-fit=\"cover\" data-object-position=\"50% 26%\" srcset=\"https:\/\/avellanuss.com\/wp-content\/uploads\/2021\/06\/20210602084855_IMG_0364-2.jpg 1506w, https:\/\/avellanuss.com\/wp-content\/uploads\/2021\/06\/20210602084855_IMG_0364-2-300x120.jpg 300w, https:\/\/avellanuss.com\/wp-content\/uploads\/2021\/06\/20210602084855_IMG_0364-2-1024x408.jpg 1024w, https:\/\/avellanuss.com\/wp-content\/uploads\/2021\/06\/20210602084855_IMG_0364-2-768x306.jpg 768w\" sizes=\"auto, (max-width: 1506px) 100vw, 1506px\" \/><div class=\"wp-block-cover__inner-container is-layout-flow wp-block-cover-is-layout-flow\">\n<p class=\"has-text-align-center has-large-font-size\"><\/p>\n<\/div><\/div>\n\n\n<div class=\"gb-container gb-container-5deb5034 alignfull\"><div class=\"gb-inside-container\">\n<div class=\"gb-grid-wrapper gb-grid-wrapper-e1dc665b\">\n<div class=\"gb-grid-column gb-grid-column-15509c86\"><div class=\"gb-container gb-container-15509c86\"><div class=\"gb-inside-container\">\n\n<h2 class=\"gb-headline gb-headline-39e25962 gb-headline-text\">Som Avellanuss<\/h2>\n\n\n\n<p>Som agricultors productors d\u2019avellanes d\u2019alta qualitat, que fem un pas m\u00e9s i venem les nostres produccions a empreses de transformaci\u00f3 de la nostra mat\u00e8ria prima, segons les especificacions dels nostres clients. Produ\u00efm avellanes de diferents varietats i diferents calibres que s\u2019adeq\u00fcen a la demanda del mercat i a les diferents aplicacions de l\u2019avellana.<\/p>\n\n\n\n<p>Avellanuss us ofereix els fruits directament dels nostres camps, sense intermediaris, i aix\u00ed protegim els nostres conreus, la qualitat dels nostres fruits i l\u2019espai rural de les nostres empreses agr\u00edcoles.<\/p>\n\n\n\n<p>Som agricultors que vivim i treballem en un entorn natural produint avellanes d\u2019alta qualitat.<\/p>\n\n<\/div><\/div><\/div>\n\n<div class=\"gb-grid-column gb-grid-column-bafcfd8d\"><div class=\"gb-container gb-container-bafcfd8d\"><div class=\"gb-inside-container\">\n\n<div class=\"wp-block-image photo-shadow img\"><figure class=\"aligncenter size-full\"><img loading=\"lazy\" decoding=\"async\" width=\"2560\" height=\"2560\" src=\"https:\/\/avellanuss.com\/wp-content\/uploads\/2021\/06\/20210602083731_IMG_0332-edited-scaled.jpg\" alt=\"\" class=\"wp-image-5102\" srcset=\"https:\/\/avellanuss.com\/wp-content\/uploads\/2021\/06\/20210602083731_IMG_0332-edited-scaled.jpg 2560w, https:\/\/avellanuss.com\/wp-content\/uploads\/2021\/06\/20210602083731_IMG_0332-edited-300x300.jpg 300w, https:\/\/avellanuss.com\/wp-content\/uploads\/2021\/06\/20210602083731_IMG_0332-edited-1024x1024.jpg 1024w, https:\/\/avellanuss.com\/wp-content\/uploads\/2021\/06\/20210602083731_IMG_0332-edited-150x150.jpg 150w, https:\/\/avellanuss.com\/wp-content\/uploads\/2021\/06\/20210602083731_IMG_0332-edited-768x768.jpg 768w, https:\/\/avellanuss.com\/wp-content\/uploads\/2021\/06\/20210602083731_IMG_0332-edited-1536x1536.jpg 1536w, https:\/\/avellanuss.com\/wp-content\/uploads\/2021\/06\/20210602083731_IMG_0332-edited-2048x2048.jpg 2048w\" sizes=\"auto, (max-width: 2560px) 100vw, 2560px\" \/><\/figure><\/div>\n\n<\/div><\/div><\/div>\n<\/div>\n<\/div><\/div>\n\n<div class=\"gb-container gb-container-fe2b47ec alignfull\"><div class=\"gb-inside-container\">\n<div class=\"gb-grid-wrapper gb-grid-wrapper-ed149761\">\n<div class=\"gb-grid-column gb-grid-column-e2ef938e\"><div class=\"gb-container gb-container-e2ef938e\"><div class=\"gb-inside-container\">\n\n<div class=\"wp-block-image photo-shadow img\"><figure class=\"aligncenter size-large\"><img loading=\"lazy\" decoding=\"async\" width=\"2560\" height=\"2560\" src=\"https:\/\/avellanuss.com\/wp-content\/uploads\/2021\/06\/20210524091450_IMG_0264_2-edited-scaled.jpg\" alt=\"\" class=\"wp-image-5107\" srcset=\"https:\/\/avellanuss.com\/wp-content\/uploads\/2021\/06\/20210524091450_IMG_0264_2-edited-scaled.jpg 2560w, https:\/\/avellanuss.com\/wp-content\/uploads\/2021\/06\/20210524091450_IMG_0264_2-edited-300x300.jpg 300w, https:\/\/avellanuss.com\/wp-content\/uploads\/2021\/06\/20210524091450_IMG_0264_2-edited-1024x1024.jpg 1024w, https:\/\/avellanuss.com\/wp-content\/uploads\/2021\/06\/20210524091450_IMG_0264_2-edited-150x150.jpg 150w, https:\/\/avellanuss.com\/wp-content\/uploads\/2021\/06\/20210524091450_IMG_0264_2-edited-768x768.jpg 768w, https:\/\/avellanuss.com\/wp-content\/uploads\/2021\/06\/20210524091450_IMG_0264_2-edited-1536x1536.jpg 1536w, https:\/\/avellanuss.com\/wp-content\/uploads\/2021\/06\/20210524091450_IMG_0264_2-edited-2048x2048.jpg 2048w\" sizes=\"auto, (max-width: 2560px) 100vw, 2560px\" \/><\/figure><\/div>\n\n<\/div><\/div><\/div>\n\n<div class=\"gb-grid-column gb-grid-column-65ce637b\"><div class=\"gb-container gb-container-65ce637b\"><div class=\"gb-inside-container\">\n\n<h2 class=\"gb-headline gb-headline-8607f733 gb-headline-text\">Els nostres cultius<\/h2>\n\n\n\n<p>En els nostres cultius d\u00b4avellana apliquem les t\u00e8cniques de la producci\u00f3 integrada. <\/p>\n\n\n\n<p>Un sistema agr\u00edcola de producci\u00f3 d\u00b4aliments que utilitza al m\u00e0xim els recursos i els mecanismes de regulaci\u00f3 naturals i assegura a llarg termini, una agricultura viable i sostenible. En ella els m\u00e8todes biol\u00f2gics, les t\u00e8cniques de cultiu i els processos qu\u00edmics s\u00f3n escollits amb cura, buscant un equilibri entre el medi ambient, la rendibilitat i les exig\u00e8ncies socials.<\/p>\n\n\n\n<p>Producci\u00f3 integrada<\/p>\n\n\n\n<div class=\"wp-block-buttons is-layout-flex wp-block-buttons-is-layout-flex\">\n<div class=\"wp-block-button\"><a class=\"wp-block-button__link has-white-color has-text-color has-background no-border-radius\" href=\"http:\/\/agricultura.gencat.cat\/ca\/ambits\/agricultura\/produccio-integrada\/\" style=\"background-color:#514234\" target=\"_blank\" rel=\"noreferrer noopener\">Generalitat<\/a><\/div>\n\n\n\n<div class=\"wp-block-button is-style-fill\"><a class=\"wp-block-button__link has-white-color has-text-color has-background no-border-radius\" href=\"https:\/\/producciointegrada.cat\/\" style=\"background-color:#514234\" target=\"_blank\" rel=\"noreferrer noopener\">Producci\u00f3 integrada<\/a><\/div>\n<\/div>\n\n<\/div><\/div><\/div>\n<\/div>\n<\/div><\/div>\n\n<div class=\"gb-container gb-container-6c684ee1 alignfull\"><div class=\"gb-inside-container\">\n<div class=\"gb-grid-wrapper gb-grid-wrapper-d7f2657f\">\n<div class=\"gb-grid-column gb-grid-column-2cd174dd\"><div class=\"gb-container gb-container-2cd174dd\"><div class=\"gb-inside-container\">\n\n<h2 class=\"gb-headline gb-headline-a8707985 gb-headline-text\">Clima Mediterrani<\/h2>\n\n\n\n<p>Les finques dels nostres associats estan empla\u00e7ades al Camp de Tarragona, entre la Costa Daurada i les Muntanyes de Prades.<\/p>\n\n\n\n<p>Gr\u00e0cies al clima mediterrani, que \u00e9s un clima temperat podem tenir unes bones produccions d\u2019avellana amb cultius en sec\u00e0 i en regadiu.<\/p>\n\n\n\n<p>El clima mediterrani es caracteritza per hiverns temperats i plujosos i estius secs i calorosos o temperats, amb tardors i primaveres variables, tant en temperatures com en precipitacions.<\/p>\n\n\n\n<p>D\u2019aquest clima ens ajuda a produir avellanes d\u2019excel\u00b7lent qualitat.<\/p>\n\n<\/div><\/div><\/div>\n\n<div class=\"gb-grid-column gb-grid-column-3406d254\"><div class=\"gb-container gb-container-3406d254\"><div class=\"gb-inside-container\">\n\n<div class=\"wp-block-image photo-shadow img\"><figure class=\"aligncenter size-full is-resized\"><img loading=\"lazy\" decoding=\"async\" src=\"https:\/\/avellanuss.com\/wp-content\/uploads\/2021\/06\/petitRecurso-3-8.png\" alt=\"\" class=\"wp-image-5172\" width=\"543\" height=\"354\" srcset=\"https:\/\/avellanuss.com\/wp-content\/uploads\/2021\/06\/petitRecurso-3-8.png 1195w, https:\/\/avellanuss.com\/wp-content\/uploads\/2021\/06\/petitRecurso-3-8-300x195.png 300w, https:\/\/avellanuss.com\/wp-content\/uploads\/2021\/06\/petitRecurso-3-8-1024x667.png 1024w, https:\/\/avellanuss.com\/wp-content\/uploads\/2021\/06\/petitRecurso-3-8-768x500.png 768w\" sizes=\"auto, (max-width: 543px) 100vw, 543px\" \/><\/figure><\/div>\n\n<\/div><\/div><\/div>\n<\/div>\n<\/div><\/div>\n\n<div class=\"gb-container gb-container-d175a9c5\"><div class=\"gb-inside-container\"><\/div><\/div>\n\n<div class=\"gb-container gb-container-08d7c84b\"><div class=\"gb-inside-container\">\n<div class=\"gb-grid-wrapper gb-grid-wrapper-990ed738\"><\/div>\n<\/div><\/div>","protected":false},"excerpt":{"rendered":"","protected":false},"author":2,"featured_media":0,"parent":0,"menu_order":0,"comment_status":"closed","ping_status":"closed","template":"","meta":{"footnotes":""},"class_list":["post-3587","page","type-page","status-publish"],"_links":{"self":[{"href":"https:\/\/avellanuss.com\/index.php?rest_route=\/wp\/v2\/pages\/3587","targetHints":{"allow":["GET"]}}],"collection":[{"href":"https:\/\/avellanuss.com\/index.php?rest_route=\/wp\/v2\/pages"}],"about":[{"href":"https:\/\/avellanuss.com\/index.php?rest_route=\/wp\/v2\/types\/page"}],"author":[{"embeddable":true,"href":"https:\/\/avellanuss.com\/index.php?rest_route=\/wp\/v2\/users\/2"}],"replies":[{"embeddable":true,"href":"https:\/\/avellanuss.com\/index.php?rest_route=%2Fwp%2Fv2%2Fcomments&post=3587"}],"version-history":[{"count":76,"href":"https:\/\/avellanuss.com\/index.php?rest_route=\/wp\/v2\/pages\/3587\/revisions"}],"predecessor-version":[{"id":5389,"href":"https:\/\/avellanuss.com\/index.php?rest_route=\/wp\/v2\/pages\/3587\/revisions\/5389"}],"wp:attachment":[{"href":"https:\/\/avellanuss.com\/index.php?rest_route=%2Fwp%2Fv2%2Fmedia&parent=3587"}],"curies":[{"name":"wp","href":"https:\/\/api.w.org\/{rel}","templated":true}]}}